{"id":10226,"date":"2022-03-21T15:48:24","date_gmt":"2022-03-21T19:48:24","guid":{"rendered":"https:\/\/rqmo.org\/quebec-policy-and-action-plan-for-rare-diseases\/"},"modified":"2026-02-06T20:02:51","modified_gmt":"2026-02-07T01:02:51","slug":"quebec-policy-and-action-plan-for-rare-diseases","status":"publish","type":"page","link":"https:\/\/rqmo.org\/en\/quebec-policy-and-action-plan-for-rare-diseases\/","title":{"rendered":"Quebec Policy and Action Plan for Rare Diseases"},"content":{"rendered":"\t\t<div data-elementor-type=\"wp-page\" data-elementor-id=\"10226\" class=\"elementor elementor-10226 elementor-3040\" data-elementor-post-type=\"page\">\n\t\t\t\t\t\t<section class=\"elementor-section elementor-top-section elementor-element elementor-element-1ef8e90 elementor-section-content-middle elementor-section-boxed elementor-section-height-default elementor-section-height-default\" data-id=\"1ef8e90\" data-element_type=\"section\" data-e-type=\"section\" data-settings=\"{&quot;background_background&quot;:&quot;classic&quot;}\">\n\t\t\t\t\t\t<div class=\"elementor-container elementor-column-gap-no\">\n\t\t\t\t\t<div class=\"elementor-column elementor-col-100 elementor-top-column elementor-element elementor-element-5fff9e7\" data-id=\"5fff9e7\" data-element_type=\"column\" data-e-type=\"column\">\n\t\t\t<div class=\"elementor-widget-wrap elementor-element-populated\">\n\t\t\t\t\t\t<div class=\"elementor-element elementor-element-5c9d7c3 elementor-widget elementor-widget-heading\" data-id=\"5c9d7c3\" data-element_type=\"widget\" data-e-type=\"widget\" data-widget_type=\"heading.default\">\n\t\t\t\t<div class=\"elementor-widget-container\">\n\t\t\t\t\t<h1 class=\"elementor-heading-title elementor-size-default\">Quebec Policy and Action Plan for Rare Diseases<\/h1>\t\t\t\t<\/div>\n\t\t\t\t<\/div>\n\t\t\t\t\t<\/div>\n\t\t<\/div>\n\t\t\t\t\t<\/div>\n\t\t<\/section>\n\t\t\t\t<section class=\"elementor-section elementor-top-section elementor-element elementor-element-a1e9f3c elementor-section-boxed elementor-section-height-default elementor-section-height-default\" data-id=\"a1e9f3c\" data-element_type=\"section\" data-e-type=\"section\">\n\t\t\t\t\t\t<div class=\"elementor-container elementor-column-gap-default\">\n\t\t\t\t\t<div class=\"elementor-column elementor-col-50 elementor-top-column elementor-element elementor-element-a84fe83\" data-id=\"a84fe83\" data-element_type=\"column\" data-e-type=\"column\">\n\t\t\t<div class=\"elementor-widget-wrap elementor-element-populated\">\n\t\t\t\t\t\t<div class=\"elementor-element elementor-element-7a81dbf elementor-widget elementor-widget-text-editor\" data-id=\"7a81dbf\" data-element_type=\"widget\" data-e-type=\"widget\" data-widget_type=\"text-editor.default\">\n\t\t\t\t<div class=\"elementor-widget-container\">\n\t\t\t\t\t\t\t\t\t<p> <\/p><p>In June 2022, after years of advocacy on the part of RQMO, rare disease associations, physicians and researchers, the Minist\u00e8re de la Sant\u00e9 et des Services sociaux (MSSS) published a <strong><a href=\"https:\/\/publications.msss.gouv.qc.ca\/msss\/fichiers\/2022\/22-916-01W.pdf\" target=\"_blank\" rel=\"noopener\">Politique qu\u00e9b\u00e9coise pour les maladies rares: Pour une meilleure reconnaissance et prise en charge des personnes atteintes de maladies rares.<\/a><\/strong><\/p>\t\t\t\t\t\t\t\t<\/div>\n\t\t\t\t<\/div>\n\t\t\t\t\t<\/div>\n\t\t<\/div>\n\t\t\t\t<div class=\"elementor-column elementor-col-50 elementor-top-column elementor-element elementor-element-1f0c584\" data-id=\"1f0c584\" data-element_type=\"column\" data-e-type=\"column\">\n\t\t\t<div class=\"elementor-widget-wrap elementor-element-populated\">\n\t\t\t\t\t\t<div class=\"elementor-element elementor-element-dd6ea02 elementor-widget elementor-widget-text-editor\" data-id=\"dd6ea02\" data-element_type=\"widget\" data-e-type=\"widget\" data-widget_type=\"text-editor.default\">\n\t\t\t\t<div class=\"elementor-widget-container\">\n\t\t\t\t\t\t\t\t\t<p> <\/p><p>Finally, in May 2023, to follow up on the Policy for Rare Diseases, the MSSS unveiled its <a href=\"https:\/\/publications.msss.gouv.qc.ca\/msss\/document-003573\/\" target=\"_blank\" rel=\"noopener\"><strong>Action Plan on Rare Diseases 2023-2027<\/strong><\/a>, covering 3 areas:<\/p><ol><li>Awareness and training<\/li><li>Facilitated access to care and services<\/li><li>Promotion of research, innovation and data collection.<\/li><\/ol>\t\t\t\t\t\t\t\t<\/div>\n\t\t\t\t<\/div>\n\t\t\t\t\t<\/div>\n\t\t<\/div>\n\t\t\t\t\t<\/div>\n\t\t<\/section>\n\t\t\t\t<section class=\"elementor-section elementor-top-section elementor-element elementor-element-78b4d83 elementor-section-boxed elementor-section-height-default elementor-section-height-default\" data-id=\"78b4d83\" data-element_type=\"section\" data-e-type=\"section\">\n\t\t\t\t\t\t<div class=\"elementor-container elementor-column-gap-default\">\n\t\t\t\t\t<div class=\"elementor-column elementor-col-100 elementor-top-column elementor-element elementor-element-c6221a7\" data-id=\"c6221a7\" data-element_type=\"column\" data-e-type=\"column\">\n\t\t\t<div class=\"elementor-widget-wrap elementor-element-populated\">\n\t\t\t\t\t\t<div class=\"elementor-element elementor-element-b20ffb3 elementor-widget-divider--view-line elementor-widget elementor-widget-divider\" data-id=\"b20ffb3\" data-element_type=\"widget\" data-e-type=\"widget\" data-widget_type=\"divider.default\">\n\t\t\t\t<div class=\"elementor-widget-container\">\n\t\t\t\t\t\t\t<div class=\"elementor-divider\">\n\t\t\t<span class=\"elementor-divider-separator\">\n\t\t\t\t\t\t<\/span>\n\t\t<\/div>\n\t\t\t\t\t\t<\/div>\n\t\t\t\t<\/div>\n\t\t\t\t\t<\/div>\n\t\t<\/div>\n\t\t\t\t\t<\/div>\n\t\t<\/section>\n\t\t\t\t<section class=\"elementor-section elementor-top-section elementor-element elementor-element-fdb8fe7 elementor-section-boxed elementor-section-height-default elementor-section-height-default\" data-id=\"fdb8fe7\" data-element_type=\"section\" data-e-type=\"section\">\n\t\t\t\t\t\t<div class=\"elementor-container elementor-column-gap-no\">\n\t\t\t\t\t<div class=\"elementor-column elementor-col-100 elementor-top-column elementor-element elementor-element-fb3258f\" data-id=\"fb3258f\" data-element_type=\"column\" data-e-type=\"column\">\n\t\t\t<div class=\"elementor-widget-wrap elementor-element-populated\">\n\t\t\t\t\t\t<div class=\"elementor-element elementor-element-935a334 elementor-widget elementor-widget-heading\" data-id=\"935a334\" data-element_type=\"widget\" data-e-type=\"widget\" data-widget_type=\"heading.default\">\n\t\t\t\t<div class=\"elementor-widget-container\">\n\t\t\t\t\t<h3 class=\"elementor-heading-title elementor-size-default\">The RQMO\u2019s efforts to get a strategy\/policy in Quebec<\/h3>\t\t\t\t<\/div>\n\t\t\t\t<\/div>\n\t\t\t\t<div class=\"elementor-element elementor-element-ab79388 elementor-widget elementor-widget-text-editor\" data-id=\"ab79388\" data-element_type=\"widget\" data-e-type=\"widget\" data-widget_type=\"text-editor.default\">\n\t\t\t\t<div class=\"elementor-widget-container\">\n\t\t\t\t\t\t\t\t\t<p>When it was created in 2010, one of the objectives of the Regroupement qu\u00e9b\u00e9cois des maladies orphelines \u2014 aside from its main mission of informing and supporting people with rare diseases and their families \u2014 was to help develop a \u201cNational Rare Disease Plan\u201d for Quebec. A plan similar to the one that existed in France since 2005 and that all the countries of the European Union had to develop and adopt. Following discussions with the RQMO, in 2011, le liberal Health minister, Yves Bolduc, called for the creation of a committee to elaborate a \u00ab <strong>Strat\u00e9gie qu\u00e9b\u00e9coise en mati\u00e8re de maladies rares<\/strong> \u00bb. (<em>View history of procedures below<\/em>).<\/p><p>On February 26, 2015, the RQMO organized a <strong>Summit on Rare Diseases <\/strong> where a working group met to establish a rare disease strategy for Quebec. This summit brought together different stakeholders concerned by issues related to rare and orphan diseases (people affected by rare diseases, caregivers, representatives of rare disease associations, doctors, other health professionals, researchers, representatives of the pharmaceutical industry and biotechnology, etc.).<\/p><p><strong>See here a <a href=\"\/wp-content\/uploads\/2022\/03\/Strategie-quebecoise-maladies-rares_Resume.pdf\" target=\"_blank\" rel=\"noopener\">summary of the Quebec Strategy for Rare Diseases<\/a> proposed by the RQMO.<\/strong><\/p><p><strong>The<a href=\"\/wp-content\/uploads\/2022\/03\/Strategie-Maladies-Rares-RQMO-fev-2019F.pdf\" target=\"_blank\" rel=\"noopener\"> complete Strategy<\/a> as updated in 2019.<\/strong><\/p><p><strong>&#8212;&#8212;&#8212;&#8212;&#8212;&#8212;&#8212;&#8212;&#8212;&#8212;&#8212;&#8212;&#8212;&#8212;&#8212;&#8212;&#8212;&#8212;&#8212;&#8212;<\/strong><\/p><h4>History of steps taken <\/h4><table width=\"95%\"><tbody><tr><td width=\"25%\">February 28, 2010 <\/td><td>Creation of the Regroupement qu\u00e9b\u00e9cois des maladies orphelines (RQMO)\/Quebec Coalition of Oprhan Diseases<\/td><\/tr><tr><td>October 2, 2010<\/td><td><p>RQMO survey of nearly 300 people with rare diseases and caregivers on their needs and priorities for rare diseases in Quebec.<\/p><p>First RQMO conference in Quebec<\/p><p>Opening speech by the Minister of Health, Dr. Yves Bolduc: <strong>\u00ab That every citizen of Quebec <\/strong> <strong>affected by or carrying a rare disease<\/strong> <strong>receives the services <\/strong> <strong>that he or her needs for their illness\u2026 A question of social equity \u00bb<\/strong><\/p><p>Guest speaker: Ms. Viviane Viollet, president and co-founder of the Alliance des maladies rares, France.<\/p><\/td><\/tr><tr><td>August 29, 2011 <\/td><td>Publication by INESSS (National Institute of Excellence in Health and Social Services) of the report \u00ab Prise en charge des maladies rares \u2013 Exp\u00e9riences \u00e9trang\u00e8res \u00bb(<a href=\"https:\/\/www.inesss.qc.ca\/fileadmin\/doc\/INESSS\/Rapports\/OrganisationsSoins\/ETMIS2011_Vol7_No6.pdf\">\u00abManagement of rare diseases \u2013 Foreign experiences<\/a> \u00bb) (work done following a mandate given by Minister Bolduc)<\/td><\/tr><tr><td>November 26, 2011<\/td><td><p>RQMO Forum on rare and orphan diseases \u00ab <strong>Integrating rarity into our health system \u00bb<\/strong><\/p><p>Dr Yves Bolduc announces that he will create a committee which will have \u00ab <strong>the mandate to develop a Quebec strategy for the management of rare diseases<\/strong> \u00bb.<\/p><\/td><\/tr><tr><td>February 2012<\/td><td>The Ministry of Health and Social Services agrees to finance the <a href=\"http:\/\/www.orpha.net\/national\/CA-FR\/index\/orphanet-qu%C3%A9bec\/\">Orphanet-Qu\u00e9bec<\/a> project for one year. The RQMO \u2013 in partnership with Orphanet in France and the Department of Medical Genetics of the McGill University Health Center \u2013 lists and enters into the international Orphanet database activities and resources relating to rare diseases in Quebec. A project which began thanks to a grant from the Commission permanente de coop\u00e9ration franco-qu\u00e9b\u00e9coise (Quebec&#8217;s ministry of International Relations).<\/td><\/tr><tr><td>October 12, 2012 <\/td><td>A joint French-Quebec conference on Orphanet, the portal for rare diseases and orphan drugs.Organized by the RQMO.<\/td><\/tr><tr><td>February 21, 2013<\/td><td><p><a href=\"\/journee-des-maladies-rares\/\">RQMO awareness day at the National Assembly in Quebec <\/a>.<\/p><p>The Minister of Health, Dr. R\u00e9jean H\u00e9bert, made a statement in the chamber highlighting International Rare Disease Day, the RQMO, and the courage of those affected and their families.<\/p><\/td><\/tr><tr><td>September 2013 <\/td><td>Publication by INESSS (National Institute of Excellence in Health and Social Services) of the report \u00ab <a href=\"https:\/\/inesss.qc.ca\/fileadmin\/doc\/INESSS\/Rapports\/Genetique\/INESSS_Depistage_neonatal_sanguin.pdf\">Advisability of expanding the Quebec newborn blood screening program in Quebec <\/a>\u00bb (work of an INESSS committee mandated by Minister Bolduc and in which the RQMO participated)<\/td><\/tr><tr><td>October 2013<\/td><td>RQMO meeting with the political attach\u00e9 of the Minister of Research, Mr. Pierre Duchesne, along with the Fondation du Grand d\u00e9fi Pierre Lavoie, the Family Ataxia Association of Canada, Scl\u00e9rodermie Qu\u00e9bec and the Leukodystrophy Foundation to discuss funding and directions for rare disease research.<\/td><\/tr><tr><td><p>February 21, 2014<\/p><p>February 28, 2014<\/p><\/td><td><p>Lunch conference organized by the RQMO in Montreal:<a href=\"https:\/\/rqmo.org\/th_event\/pour-un-meilleur-acces-aux-traitements-pour-les-maladies-rares\/\"><strong>\u00ab Pour un meilleur acc\u00e8s aux traitements pour les maladies rares \u2013 Une question d\u2019\u00e9quit\u00e9 (For a better access to treatments for rare diseases &#8211; A question of equity)<\/strong><\/a><strong>\u00bb<\/strong>. Ms. Mireille Mathieu from INESSS, panelist during this activity, promises a consultation in 2014 on the evaluation of orphan drugs.<\/p><p>Motion highlighting International Rare Disease Day presented to the National Assembly by the Minister of Health, Dr. R\u00e9jean H\u00e9bert.<\/p><\/td><\/tr><tr><td width=\"25%\">October 8, 2014<\/td><td>Breakfast conference by Pierre Lavoie (Fondation Grand D\u00e9fi Pierre Lavoie and Association de l&#8217;acidose lactique du Saguenay-Lac-St-Jean) in front of Members of the National Assembly.<\/td><\/tr><tr><td>November 22, 2014 <\/td><td>Educational day on rare diseases \u2013 RQMO School of Rare Diseases : <strong>\u00ab Rare diseases, elsewhere and here \u00bb<\/strong><\/td><\/tr><tr><td><p>February 26, 2015<\/p><p>June 12, 2017<\/p><p>July 3, 2017<\/p><p>November 19, 2018<\/p><p>February 22, 2019<\/p><p>February 28, 2019<\/p><\/td><td><p><strong>Summit on rare diseases: <\/strong>a day of discussion between patients, caregivers and patient representatives and various health stakeholders (doctors, other health professionals, researchers, representatives of the pharmaceutical industry, etc.) on around forty proposals to include in a strategy. Writing of the first draft of the \u201cQuebec Strategy for Rare Diseases\u201d.<\/p><p><a href=\"https:\/\/coalitionavenirquebec.org\/fr\/blog\/2017\/06\/12\/maladies-rares-la-caq-reclame-une-strategie-quebecoise\/\" target=\"_blank\" rel=\"noopener\">Press briefing at the National Assembly with the MNA, Mr. Fran\u00e7ois Paradis (CAQ) <\/a>, about the relevance of a Quebec strategy for rare diseases. <a href=\"http:\/\/m.assnat.qc.ca\/fr\/video-audio\/archives-parlementaires\/activites-presse\/AudioVideo-73113.html\" target=\"_blank\" rel=\"noopener\">Video of the press briefing <\/a><\/p><p><strong>Meeting with the Minister of Health<\/strong>, Dr Ga\u00e9tan Barrette. Promise of the<strong><a href=\"https:\/\/rqmo.org\/nouvelles-de-la-strategie-quebecoise-en-matiere-de-maladies-rares\/\" target=\"_blank\" rel=\"noopener\">creation of a committee that will study a Quebec Strategy<\/a><\/strong> for rare diseases with the involvement of the Regroupement Qu\u00e9b\u00e9cois des Maladies Orphelines (RQMO).<\/p><p>Announcement of the establishment of the Quebec working group on rare diseases by the MSSS without representatives of patient organizations.<\/p><p>Hosted a<strong><a class=\"broken_link\" href=\"http:\/\/alliancepatients.org\/2018\/06\/forum-maladies-rares\/\" target=\"_blank\" rel=\"noopener\">Forum on Rare Diseases with l&#8217;Alliance des patients pour la sant\u00e9<\/a><\/strong> and Cystic Fibrosis Canada. Government representatives and MNAs present. Publication by the RQMO of the updated version of its proposed Quebec Strategy for Rare Diseases. Delivered to government officials. Meetings of MNAs at the National Assembly during the week of February 25.<\/p><p>On February 28, 2019, International Rare Disease Day, Quebec&#8217;s Minister of Health and Social Services, <strong>Danielle McCann, announced that a rare disease strategy would be established<\/strong>, that RQMO and other associations would be consulted, and that she would ensure that rare disease patients have access to treatment. <a href=\"https:\/\/mailchi.mp\/ff259a8c313a\/inforiel-rqmo-fvrier-755927?fbclid=IwAR3EkG8mYy1mx6BzefyHnDcUVvJJF7Y_K9_owYHN57Y0bj-QU-P6RSyuaIA\" target=\"_blank\" rel=\"noopener\">For further information<\/a>.<\/p><\/td><\/tr><\/tbody><\/table><p>November 15, 2019 \u2013 Representatives of the RQMO and its member associations (Quebec Sickle Cell Anemia Association and Association des patients immunod\u00e9ficients du Qu\u00e9bec)<strong> met with the Minister of Health and Social Services, Ms. Danielle McCann<\/strong>. We are pleased to find out that an action plan is being drafted for rare diseases in Quebec, based on the <a href=\"https:\/\/publications.msss.gouv.qc.ca\/msss\/fichiers\/2019\/19-916-02W.pdf\" target=\"_blank\" rel=\"noopener\">recommendations of the Working Group<\/a> that was set up in the fall of 2018 following our meeting with the former Minister of Health, Dr. Ga\u00e9tan Barrette. We are also very pleased with the fact that the recommendations of the Working Group seem aligned with the proposals made in our \u00ab <a href=\"\/wp-content\/uploads\/2022\/03\/Strategie-Maladies-Rares-RQMO-fev-2019F.pdf\">Quebec Strategy for Rare Diseases <\/a>\u00bb.<\/p>\t\t\t\t\t\t\t\t<\/div>\n\t\t\t\t<\/div>\n\t\t\t\t\t<\/div>\n\t\t<\/div>\n\t\t\t\t\t<\/div>\n\t\t<\/section>\n\t\t\t\t<\/div>\n\t\t","protected":false},"excerpt":{"rendered":"<p>Quebec Policy and Action Plan for Rare Diseases In June 2022, after years of advocacy on the part of RQMO, rare disease associations, physicians and researchers, the Minist\u00e8re de la Sant\u00e9 et des Services sociaux (MSSS) published a Politique qu\u00e9b\u00e9coise pour les maladies rares: Pour une meilleure reconnaissance et prise en charge des personnes atteintes [&hellip;]<\/p>\n","protected":false},"author":1,"featured_media":0,"parent":0,"menu_order":0,"comment_status":"closed","ping_status":"closed","template":"","meta":{"site-sidebar-layout":"no-sidebar","site-content-layout":"page-builder","ast-site-content-layout":"default","site-content-style":"default","site-sidebar-style":"default","ast-global-header-display":"","ast-banner-title-visibility":"","ast-main-header-display":"","ast-hfb-above-header-display":"","ast-hfb-below-header-display":"","ast-hfb-mobile-header-display":"","site-post-title":"disabled","ast-breadcrumbs-content":"","ast-featured-img":"disabled","footer-sml-layout":"","ast-disable-related-posts":"","theme-transparent-header-meta":"enabled","adv-header-id-meta":"","stick-header-meta":"default","header-above-stick-meta":"","header-main-stick-meta":"","header-below-stick-meta":"","astra-migrate-meta-layouts":"default","ast-page-background-enabled":"default","ast-page-background-meta":{"desktop":{"background-color":"","background-image":"","background-repeat":"repeat","background-position":"center center","background-size":"auto","background-attachment":"scroll","background-type":"","background-media":"","overlay-type":"","overlay-color":"","overlay-opacity":"","overlay-gradient":""},"tablet":{"background-color":"","background-image":"","background-repeat":"repeat","background-position":"center center","background-size":"auto","background-attachment":"scroll","background-type":"","background-media":"","overlay-type":"","overlay-color":"","overlay-opacity":"","overlay-gradient":""},"mobile":{"background-color":"","background-image":"","background-repeat":"repeat","background-position":"center center","background-size":"auto","background-attachment":"scroll","background-type":"","background-media":"","overlay-type":"","overlay-color":"","overlay-opacity":"","overlay-gradient":""}},"ast-content-background-meta":{"desktop":{"background-color":"var(--ast-global-color-5)","background-image":"","background-repeat":"repeat","background-position":"center center","background-size":"auto","background-attachment":"scroll","background-type":"","background-media":"","overlay-type":"","overlay-color":"","overlay-opacity":"","overlay-gradient":""},"tablet":{"background-color":"var(--ast-global-color-5)","background-image":"","background-repeat":"repeat","background-position":"center center","background-size":"auto","background-attachment":"scroll","background-type":"","background-media":"","overlay-type":"","overlay-color":"","overlay-opacity":"","overlay-gradient":""},"mobile":{"background-color":"var(--ast-global-color-5)","background-image":"","background-repeat":"repeat","background-position":"center center","background-size":"auto","background-attachment":"scroll","background-type":"","background-media":"","overlay-type":"","overlay-color":"","overlay-opacity":"","overlay-gradient":""}},"footnotes":""},"class_list":["post-10226","page","type-page","status-publish","hentry"],"_links":{"self":[{"href":"https:\/\/rqmo.org\/en\/wp-json\/wp\/v2\/pages\/10226","targetHints":{"allow":["GET"]}}],"collection":[{"href":"https:\/\/rqmo.org\/en\/wp-json\/wp\/v2\/pages"}],"about":[{"href":"https:\/\/rqmo.org\/en\/wp-json\/wp\/v2\/types\/page"}],"author":[{"embeddable":true,"href":"https:\/\/rqmo.org\/en\/wp-json\/wp\/v2\/users\/1"}],"replies":[{"embeddable":true,"href":"https:\/\/rqmo.org\/en\/wp-json\/wp\/v2\/comments?post=10226"}],"version-history":[{"count":1,"href":"https:\/\/rqmo.org\/en\/wp-json\/wp\/v2\/pages\/10226\/revisions"}],"predecessor-version":[{"id":10227,"href":"https:\/\/rqmo.org\/en\/wp-json\/wp\/v2\/pages\/10226\/revisions\/10227"}],"wp:attachment":[{"href":"https:\/\/rqmo.org\/en\/wp-json\/wp\/v2\/media?parent=10226"}],"curies":[{"name":"wp","href":"https:\/\/api.w.org\/{rel}","templated":true}]}}